{"id":9,"date":"2011-10-17T10:09:11","date_gmt":"2011-10-17T10:09:11","guid":{"rendered":"https:\/\/bbh.create.aau.dk\/?page_id=9"},"modified":"2011-10-17T10:09:11","modified_gmt":"2011-10-17T10:09:11","slug":"public-relations","status":"publish","type":"page","link":"https:\/\/bbh.create.aau.dk\/?page_id=9","title":{"rendered":"PR"},"content":{"rendered":"<p><a href=\"https:\/\/bbh.create.aau.dk\/wp-content\/uploads\/2011\/10\/avis.jpg\">18\/12-13 Viborg Stifs Folkeblad: Professor med lyst til innovation og klatreture<\/a><\/p>\n<p><a href=\"https:\/\/bbh.create.aau.dk\/wp-content\/uploads\/2011\/10\/ff.pdf\">11\/04-13 Nordjyske Stifstidende: Anerkendt og h\u00e6dret<\/a><\/p>\n<p><a href=\"http:\/\/nordjyske.dk\/nyheder\/kamera-afsloerer-spildtid\/b4b2a6ed-cb10-4568-9a3b-1d5371667b5b\/1\/1513\" target=\"_blank\">01\/06-12: Nordjyske: Artikel: Kamera afsl\u00f8rer spildtid<\/a><\/p>\n<p><a href=\"http:\/\/www.information.dk\/297942\" target=\"_blank\">09\/04-12: Information: Artikel: Videooverv\u00e5gning handler om mere end at fange tyven<\/a><\/p>\n<p><a href=\"http:\/\/www.tv2nord.dk\/arkiv\/2011\/11\/17?video_id=30205&amp;autoplay=1\" target=\"_blank\">17\/11-11: TV2\/NORD: TV-indslag: Haller overv\u00e5ges<\/a><\/p>\n<p><a href=\"http:\/\/nordjyske.dk\/webtv\/seneste-nyt.aspx?clipId=20247\" target=\"_blank\">26\/10-11: 24Nordjyske: TV-indslag: Haller kan bruges bedre<\/a><\/p>\n<p><a href=\"http:\/\/www.dgi.dk\/Nyheder\/nyheder\/Varmef%C3%B8lsomme_kameraer_skal_m%C3%A5le_idr%C3%A6tten_%5Ba32788%5D.aspx\" target=\"_blank\">26\/10-11: DGI: Webartikel: Varmef\u00f8lsomme kameraer skal m\u00e5le idr\u00e6tten<\/a><\/p>\n<p><a href=\"http:\/\/www.denoffentligesektor.dk\/pressemeddelelser\/bedre-brug-af-hallen-%E2%80%93-meget-mere-haltid-med-varmefolsomt-kamera\" target=\"_blank\">25\/10-11: Den Offentlige Sektor.dk: Webartikel: Bedre brug af hallen \u2013 meget mere haltid med varmef\u00f8lsomt kamera<\/a><\/p>\n<p><a href=\"https:\/\/bbh.create.aau.dk\/wp-content\/uploads\/2011\/10\/Pressemeddelelse-Bedre-brug-af-hallen-meget-mere-haltid.pdf\" target=\"_blank\">24\/10-11: Aalborg Kommune: Pressemeddelelse: Bedre brug af hallen, meget mere haltid<\/a><\/p>\n<p><a href=\"http:\/\/www.tv2nord.dk\/artikel\/179030:Regionale-nyheder--Varmefoelsomme-kameraer-i-idraetshallerne\" target=\"_blank\">24\/10-11: TV2Nord: Webartikel: Varmef\u00f8lsomme kameraer i idr\u00e6tshallerne<\/a><\/p>\n<p><a href=\"http:\/\/www.aau.dk\/Nyheder\/Vis+nyhed\/teknologi-skal-give-brugerne-mere-tid-i-idraetshallen.cid52592\" target=\"_blank\">24\/10-11: AAU: Webartikel: Teknologi skal give brugerne mere tid i idr\u00e6tshallen<\/a><\/p>\n<p><a href=\"http:\/\/www.nordeafonden.dk\/bedre-brug-af-hallen\" target=\"_blank\">24\/10-11: Nordeafonden: Webartikel: Bedre brug af hallen<\/a><\/p>\n<p><a href=\"http:\/\/www.loa-fonden.dk\/nyheder\/info-fra-fonden\/info-2011\/info-2011\/bedre-brug-af-hallen---meget-mere-haltid\" target=\"_blank\">24\/10-11: Lokale- og Anl\u00e6gsfonden: Webartikel: Bedre brug af hallen &#8211; meget mere haltid<\/a><\/p>\n<p><a href=\"https:\/\/bbh.create.aau.dk\/?page_id=346\">24\/10-11: DR P4 Nordjylland: Radioindslag: Radioavisen Nordjylland<\/a><\/p>\n<p><a href=\"http:\/\/idan.dk\/Nyheder\/a103aalborg.aspx\" target=\"_blank\">24\/10-11: Idr\u00e6ttens Analyseinstitut: Webartikel: Forskningsprojekt skal optimere brug af haltid<\/a><\/p>\n<p><a href=\"http:\/\/www.danskekommuner.dk\/Nyhedsarkiv\/2011\/oktober\/24\/Udnyt-haller-med-ny-teknologi\/\" target=\"_blank\">24\/10-11: Danske Kommuner Nyhedsmagasinet: Webartikel: Udnyt haller med ny teknologi<\/a><\/p>\n<p><a href=\"http:\/\/www.byggeplads.dk\/nyhed\/2011\/10\/sportsbyggeri\/termiske-kameraer-skal-optimere-halkapaciteten\" target=\"_blank\">24\/10-11: Byggeplads.dk: Webartikel: Termiske kameraer skal optimere halkapaciteten<\/a><\/p>\n","protected":false},"excerpt":{"rendered":"<p>18\/12-13 Viborg Stifs Folkeblad: Professor med lyst til innovation og klatreture 11\/04-13 Nordjyske Stifstidende: Anerkendt og h\u00e6dret 01\/06-12: Nordjyske: Artikel: Kamera afsl\u00f8rer spildtid 09\/04-12: Information: Artikel: Videooverv\u00e5gning handler om mere end at fange tyven 17\/11-11: TV2\/NORD: TV-indslag: Haller overv\u00e5ges 26\/10-11: 24Nordjyske: TV-indslag: Haller kan bruges bedre 26\/10-11: DGI: Webartikel: Varmef\u00f8lsomme kameraer skal m\u00e5le idr\u00e6tten 25\/10-11: &hellip; <a href=\"https:\/\/bbh.create.aau.dk\/?page_id=9\" class=\"more-link\">Continue reading<span class=\"screen-reader-text\"> &#8220;PR&#8221;<\/span><\/a><\/p>\n","protected":false},"author":1,"featured_media":0,"parent":0,"menu_order":0,"comment_status":"closed","ping_status":"closed","template":"","meta":{"footnotes":""},"class_list":["post-9","page","type-page","status-publish","hentry"],"_links":{"self":[{"href":"https:\/\/bbh.create.aau.dk\/index.php?rest_route=\/wp\/v2\/pages\/9","targetHints":{"allow":["GET"]}}],"collection":[{"href":"https:\/\/bbh.create.aau.dk\/index.php?rest_route=\/wp\/v2\/pages"}],"about":[{"href":"https:\/\/bbh.create.aau.dk\/index.php?rest_route=\/wp\/v2\/types\/page"}],"author":[{"embeddable":true,"href":"https:\/\/bbh.create.aau.dk\/index.php?rest_route=\/wp\/v2\/users\/1"}],"replies":[{"embeddable":true,"href":"https:\/\/bbh.create.aau.dk\/index.php?rest_route=%2Fwp%2Fv2%2Fcomments&post=9"}],"version-history":[{"count":0,"href":"https:\/\/bbh.create.aau.dk\/index.php?rest_route=\/wp\/v2\/pages\/9\/revisions"}],"wp:attachment":[{"href":"https:\/\/bbh.create.aau.dk\/index.php?rest_route=%2Fwp%2Fv2%2Fmedia&parent=9"}],"curies":[{"name":"wp","href":"https:\/\/api.w.org\/{rel}","templated":true}]}}