{"id":698,"date":"2015-02-25T10:26:26","date_gmt":"2015-02-25T09:26:26","guid":{"rendered":"https:\/\/bbh.create.aau.dk\/?page_id=698"},"modified":"2015-02-25T10:26:26","modified_gmt":"2015-02-25T09:26:26","slug":"afslutning","status":"publish","type":"page","link":"https:\/\/bbh.create.aau.dk\/?page_id=698","title":{"rendered":"Afslutning|Conclusion"},"content":{"rendered":"<p align=\"justify\"><span style=\"color: #000000;\" lang=\"da-dk\">Projektet blev afsluttet december 2014. Det udviklede system k\u00f8rer nu videre i et nyt projekt, st\u00f8ttet af de fire st\u00f8rste kommuner i Danmark. Som en del af projektet f\u00e5r hver kommune analyseret 40 af deres haller. Et eksempel p\u00e5 afrapporteringen kan ses i dette anonymiserede <a href=\"https:\/\/bbh.create.aau.dk\/wp-content\/uploads\/2015\/03\/RapportEksempel_Censored_Censored.pdf\">dokument<\/a>.<\/span><\/p>\n<p align=\"justify\"><span style=\"color: #000000;\" lang=\"en-gb\">The project was finished in December 2014. The developed system now exist under a new project, supported by the 4 largest municipalities in Denmark. As a part of the project every municipality gets a occupancy analysis from 40 of their sports arenas. An example on how the occupancy is reported can be seen in this censored <a href=\"https:\/\/bbh.create.aau.dk\/wp-content\/uploads\/2015\/03\/RapportEksempel_Censored_Censored.pdf\">document<\/a>(danish).<\/span><\/p>\n","protected":false},"excerpt":{"rendered":"<p>Projektet blev afsluttet december 2014. Det udviklede system k\u00f8rer nu videre i et nyt projekt, st\u00f8ttet af de fire st\u00f8rste kommuner i Danmark. Som en del af projektet f\u00e5r hver kommune analyseret 40 af deres haller. Et eksempel p\u00e5 afrapporteringen kan ses i dette anonymiserede dokument. The project was finished in December 2014. The developed &hellip; <a href=\"https:\/\/bbh.create.aau.dk\/?page_id=698\" class=\"more-link\">Continue reading<span class=\"screen-reader-text\"> &#8220;Afslutning|Conclusion&#8221;<\/span><\/a><\/p>\n","protected":false},"author":2,"featured_media":0,"parent":0,"menu_order":0,"comment_status":"closed","ping_status":"closed","template":"","meta":{"footnotes":""},"class_list":["post-698","page","type-page","status-publish","hentry"],"_links":{"self":[{"href":"https:\/\/bbh.create.aau.dk\/index.php?rest_route=\/wp\/v2\/pages\/698","targetHints":{"allow":["GET"]}}],"collection":[{"href":"https:\/\/bbh.create.aau.dk\/index.php?rest_route=\/wp\/v2\/pages"}],"about":[{"href":"https:\/\/bbh.create.aau.dk\/index.php?rest_route=\/wp\/v2\/types\/page"}],"author":[{"embeddable":true,"href":"https:\/\/bbh.create.aau.dk\/index.php?rest_route=\/wp\/v2\/users\/2"}],"replies":[{"embeddable":true,"href":"https:\/\/bbh.create.aau.dk\/index.php?rest_route=%2Fwp%2Fv2%2Fcomments&post=698"}],"version-history":[{"count":0,"href":"https:\/\/bbh.create.aau.dk\/index.php?rest_route=\/wp\/v2\/pages\/698\/revisions"}],"wp:attachment":[{"href":"https:\/\/bbh.create.aau.dk\/index.php?rest_route=%2Fwp%2Fv2%2Fmedia&parent=698"}],"curies":[{"name":"wp","href":"https:\/\/api.w.org\/{rel}","templated":true}]}}