{"id":36,"date":"2011-10-18T10:11:57","date_gmt":"2011-10-18T09:11:57","guid":{"rendered":"https:\/\/bbh.create.aau.dk\/?page_id=36"},"modified":"2011-10-18T10:11:57","modified_gmt":"2011-10-18T09:11:57","slug":"forside","status":"publish","type":"page","link":"https:\/\/bbh.create.aau.dk\/?page_id=36","title":{"rendered":"Vision|Vision"},"content":{"rendered":"<p align=\"justify\"><span style=\"color: #000000;\" lang=\"da-dk\">At udvikle teknologier der automatisk kan analysere hvorledes en given hal benyttes og herved v\u00e6re katalysator for mere effektiv udnyttelse af idr\u00e6ts-\/sportsfaciliteter i Danmark.<\/span><\/p>\n<p align=\"justify\"><span style=\"color: #000000;\" lang=\"da-dk\">Projektet sigter mod at udvikle et system, der ved brug af termiske kameraer automatisk kan analysere, hvordan en hal bliver brugt. I f\u00f8rste omgang er m\u00e5let at kunne registrere, hvor mange der er i en hal, og hvor i hallen de befinder sig. P\u00e5 lidt l\u00e6ngere sigt er ambitionen, at systemet ogs\u00e5 automatisk kan analysere aktivitetsniveauet i hallen, typen af aktivitet: h\u00e5ndbold, badminton, fodbold, etc. , samt om det er elite- eller breddeaktiviteter, og om det er kvinder, m\u00e6nd eller b\u00f8rn. Eksakt viden om anvendelsen af haller muligg\u00f8r at arbejde med incitamenter for optimal booking. For eksempel kan det v\u00e6re, at man i nogle haller kun skal booke en halv hal af gangen, mens det i andre skal v\u00e6re muligt at n\u00f8jes med at booke en enkelt badminton- eller volleyball-bane.<\/span><\/p>\n<p align=\"justify\"><span style=\"color: #000000;\" lang=\"da-dk\">Projektet l\u00f8ber fra december 2011 til vinter 2014.<\/span><\/p>\n<p align=\"justify\"><span style=\"color: #000000;\" lang=\"en-gb\">To develop technologies that automatically can analyse how sports arenas are being used and hereby promote a more efficient utilisation of sports facilities in Denmark and the rest of the world.<\/span><\/p>\n<p align=\"justify\"><span style=\"color: #000000;\" lang=\"en-gb\">The aim of this project is to develop a system that by using thermal cameras, automatically can analyse how a sports arena is being used. First step is to detect how many athletes that are currently on the court and where on the court they are positioned. In the long run the goal is that the system can measure the level of activity in the arena e.g. type of sport: Handball, badminton and soccer etc., whether it is professionals or beginners and if it men, women or children.<br \/>\nA more precise knowledge about the utilisation of sports arenas makes it possible to work towards a more optimal booking procedure. In some arenas it might be beneficial to book only half a court at a time or even just a single badminton court.<\/span><\/p>\n<p align=\"justify\"><span style=\"color: #000000;\" lang=\"en-gb\">The project runs from December 2011 to winter 2014.<\/span><\/p>\n<div style=\"display: inline-block;\" lang=\"da-dk\">\n<h3>Projektforl\u00f8b<\/h3>\n<\/div>\n<table style=\"font-size: small;\" border=\"1\" lang=\"da-dk\">\n<tbody>\n<tr>\n<td>Arbejdspakke\n                <\/td>\n<td>Navn\n                <\/td>\n<td>Beskrivelse\n                <\/td>\n<td>Status\n                <\/td>\n<\/tr>\n<tr>\n<td>AP1\n                <\/td>\n<td>Afd\u00e6kning\n                <\/td>\n<td>Behovsanalyse mm.\n                <\/td>\n<td>Afsluttet\n                <\/td>\n<\/tr>\n<tr>\n<td>AP2\n                <\/td>\n<td>Dataopsamling\n                <\/td>\n<td>Konstruktion af m\u00e5leapparat med tre kameraer\n                <\/td>\n<td>Afsluttet\n                <\/td>\n<\/tr>\n<tr>\n<td>AP3\n                <\/td>\n<td>Detektion af mennesker\n                <\/td>\n<td>Forbedret l\u00f8sning til at finde mennesker\n                <\/td>\n<td>Afsluttet\n                <\/td>\n<\/tr>\n<tr>\n<td>AP4\n                <\/td>\n<td>Test af prototype\n                <\/td>\n<td>Test i 10 forskellige haller\n                <\/td>\n<td>Afsluttet\n                <\/td>\n<\/tr>\n<tr>\n<td>AP5\n                <\/td>\n<td>Aktivitetstype\n                <\/td>\n<td>Genkendelse af f.eks. h\u00e5ndbold, badminton, gymnastik, opvarmning\n                <\/td>\n<td>Afsluttet\n                <\/td>\n<\/tr>\n<tr>\n<td>AP6\n                <\/td>\n<td>Aktivitetsniveau\n                <\/td>\n<td>Genkendelse af f.eks. lavt, mellem eller h\u00f8jt aktivitetsniveau\n                <\/td>\n<td>Afsluttet\n                <\/td>\n<\/tr>\n<tr>\n<td>AP7\n                <\/td>\n<td>Brugertype\n                <\/td>\n<td>Genkendelse af f.eks. b\u00f8rn, voksne, begyndere, \u00f8vede\n                <\/td>\n<td>Afsluttet\n                <\/td>\n<\/tr>\n<tr>\n<td>AP8\n                <\/td>\n<td>Politik og kommunikation\n                <\/td>\n<td>Forankring og udvikling af kodeks for anvendelse\n                <\/td>\n<td>Afsluttet\n                <\/td>\n<\/tr>\n<\/tbody>\n<\/table>\n<div style=\"display: inline-block;\" lang=\"en-gb\">\n<h3>Project roadmap<\/h3>\n<\/div>\n<table style=\"font-size: small;\" border=\"1\" lang=\"en-gb\">\n<tbody>\n<tr>\n<td>Work package\n                <\/td>\n<td>Name\n                <\/td>\n<td>Description\n                <\/td>\n<td>Status\n                <\/td>\n<\/tr>\n<tr>\n<td>WP1\n                <\/td>\n<td>Problem identification\n                <\/td>\n<td>Needs assesment etc.\n                <\/td>\n<td>Finished\n                <\/td>\n<\/tr>\n<tr>\n<td>WP2\n                <\/td>\n<td>Data mining\n                <\/td>\n<td>Construction of box with three cameras\n                <\/td>\n<td>Finished\n                <\/td>\n<\/tr>\n<tr>\n<td>WP3\n                <\/td>\n<td>Detection of people\n                <\/td>\n<td>Improved solution to detect people\n                <\/td>\n<td>Finished\n                <\/td>\n<\/tr>\n<tr>\n<td>WP4\n                <\/td>\n<td>Test of prototype\n                <\/td>\n<td>System test in 10 different sports arenas\n                <\/td>\n<td>Finished\n                <\/td>\n<\/tr>\n<tr>\n<td>WP5\n                <\/td>\n<td>Type of activity\n                <\/td>\n<td>Recognition of handbold, badminton, gymnastics, warm-up etc.\n                <\/td>\n<td>Finished\n                <\/td>\n<\/tr>\n<tr>\n<td>WP6\n                <\/td>\n<td>Level of activity\n                <\/td>\n<td>Recognition of low, medium and high activity level\n                <\/td>\n<td>Finished\n                <\/td>\n<\/tr>\n<tr>\n<td>WP7\n                <\/td>\n<td>Type of user\n                <\/td>\n<td>Identification of children, adults, newcomers and skilled users\n                <\/td>\n<td>Finished\n                <\/td>\n<\/tr>\n<tr>\n<td>WP8\n                <\/td>\n<td>Politics and communication\n                <\/td>\n<td>Dissemination and code of practice\n                <\/td>\n<td>Finished\n                <\/td>\n<\/tr>\n<\/tbody>\n<\/table>\n","protected":false},"excerpt":{"rendered":"<p>At udvikle teknologier der automatisk kan analysere hvorledes en given hal benyttes og herved v\u00e6re katalysator for mere effektiv udnyttelse af idr\u00e6ts-\/sportsfaciliteter i Danmark. Projektet sigter mod at udvikle et system, der ved brug af termiske kameraer automatisk kan analysere, hvordan en hal bliver brugt. I f\u00f8rste omgang er m\u00e5let at kunne registrere, hvor mange &hellip; <a href=\"https:\/\/bbh.create.aau.dk\/?page_id=36\" class=\"more-link\">Continue reading<span class=\"screen-reader-text\"> &#8220;Vision|Vision&#8221;<\/span><\/a><\/p>\n","protected":false},"author":1,"featured_media":0,"parent":0,"menu_order":0,"comment_status":"closed","ping_status":"closed","template":"","meta":{"footnotes":""},"class_list":["post-36","page","type-page","status-publish","hentry"],"_links":{"self":[{"href":"https:\/\/bbh.create.aau.dk\/index.php?rest_route=\/wp\/v2\/pages\/36","targetHints":{"allow":["GET"]}}],"collection":[{"href":"https:\/\/bbh.create.aau.dk\/index.php?rest_route=\/wp\/v2\/pages"}],"about":[{"href":"https:\/\/bbh.create.aau.dk\/index.php?rest_route=\/wp\/v2\/types\/page"}],"author":[{"embeddable":true,"href":"https:\/\/bbh.create.aau.dk\/index.php?rest_route=\/wp\/v2\/users\/1"}],"replies":[{"embeddable":true,"href":"https:\/\/bbh.create.aau.dk\/index.php?rest_route=%2Fwp%2Fv2%2Fcomments&post=36"}],"version-history":[{"count":0,"href":"https:\/\/bbh.create.aau.dk\/index.php?rest_route=\/wp\/v2\/pages\/36\/revisions"}],"wp:attachment":[{"href":"https:\/\/bbh.create.aau.dk\/index.php?rest_route=%2Fwp%2Fv2%2Fmedia&parent=36"}],"curies":[{"name":"wp","href":"https:\/\/api.w.org\/{rel}","templated":true}]}}